{"id":63,"date":"2023-10-16T16:44:09","date_gmt":"2023-10-16T16:44:09","guid":{"rendered":"https:\/\/themeholy.com\/wordpress\/frutin\/?page_id=63"},"modified":"2024-10-17T12:35:24","modified_gmt":"2024-10-17T17:35:24","slug":"about-us","status":"publish","type":"page","link":"https:\/\/pitavit.com\/es\/about-us\/","title":{"rendered":"SOBRE NOSOTROS"},"content":{"rendered":"<div data-elementor-type=\"wp-page\" data-elementor-id=\"63\" class=\"elementor elementor-63\">\n\t\t\t\t<div class=\"elementor-element elementor-element-db379cc elementor-hidden-desktop elementor-hidden-tablet e-flex e-con-boxed e-con e-parent\" data-id=\"db379cc\" data-element_type=\"container\" data-e-type=\"container\">\n\t\t\t\t\t<div class=\"e-con-inner\">\n\t\t\t\t<div class=\"elementor-element elementor-element-abfa8da elementor-widget elementor-widget-image\" data-id=\"abfa8da\" data-element_type=\"widget\" data-e-type=\"widget\" data-widget_type=\"image.default\">\n\t\t\t\t<div class=\"elementor-widget-container\">\n\t\t\t\t\t\t\t\t\t\t\t\t\t\t\t<img fetchpriority=\"high\" decoding=\"async\" width=\"751\" height=\"275\" src=\"https:\/\/pitavit.com\/wp-content\/uploads\/2024\/10\/sobre-nosotros-pitavit.jpg\" class=\"attachment-large size-large wp-image-3704\" alt=\"\" srcset=\"https:\/\/pitavit.com\/wp-content\/uploads\/2024\/10\/sobre-nosotros-pitavit.jpg 2425w, https:\/\/pitavit.com\/wp-content\/uploads\/2024\/10\/sobre-nosotros-pitavit-300x110.jpg 300w, https:\/\/pitavit.com\/wp-content\/uploads\/2024\/10\/sobre-nosotros-pitavit-1024x375.jpg 1024w, https:\/\/pitavit.com\/wp-content\/uploads\/2024\/10\/sobre-nosotros-pitavit-768x282.jpg 768w, https:\/\/pitavit.com\/wp-content\/uploads\/2024\/10\/sobre-nosotros-pitavit-1536x563.jpg 1536w, https:\/\/pitavit.com\/wp-content\/uploads\/2024\/10\/sobre-nosotros-pitavit-2048x751.jpg 2048w, https:\/\/pitavit.com\/wp-content\/uploads\/2024\/10\/sobre-nosotros-pitavit-600x220.jpg 600w\" sizes=\"(max-width: 751px) 100vw, 751px\" \/>\t\t\t\t\t\t\t\t\t\t\t\t\t\t\t<\/div>\n\t\t\t\t<\/div>\n\t\t\t\t\t<\/div>\n\t\t\t\t<\/div>\n\t\t<div class=\"elementor-element elementor-element-1c9501ea elementor-hidden-mobile e-flex e-con-boxed e-con e-parent\" data-id=\"1c9501ea\" data-element_type=\"container\" data-e-type=\"container\">\n\t\t\t\t\t<div class=\"e-con-inner\">\n\t\t<div class=\"elementor-element elementor-element-7fb3238f e-con-full e-flex e-con e-child\" data-id=\"7fb3238f\" data-element_type=\"container\" data-e-type=\"container\">\n\t\t\r\n\t\t<div class=\"elementor-element elementor-element-64d6c780 elementor-widget elementor-widget-frutinimage\" data-id=\"64d6c780\" data-element_type=\"widget\" data-e-type=\"widget\" data-widget_type=\"frutinimage.default\">\n\t\t\t\t<div class=\"elementor-widget-container\">\n\t\t\t\t\t<div class=\"img-box5\"><div class=\"shape1\"><img decoding=\"async\" src=\"https:\/\/themeholy.com\/wordpress\/frutin\/wp-content\/uploads\/2023\/10\/about_3_2.png\" alt=\"about_3_2\"  \/><\/div><div class=\"img1\"><img decoding=\"async\" src=\"https:\/\/pitavit.com\/wp-content\/uploads\/2024\/10\/frutas-pitavit14.png\" alt=\"frutas pitavit14\"  \/><\/div><\/div>\t\t\t\t<\/div>\n\t\t\t\t<\/div>\n\t\t\t\t<\/div>\n\t\t<div class=\"elementor-element elementor-element-30245884 e-con-full text-center text-xl-start e-flex e-con e-child\" data-id=\"30245884\" data-element_type=\"container\" data-e-type=\"container\">\n\t\t\t\t<div class=\"elementor-element elementor-element-b42252f elementor-widget elementor-widget-image\" data-id=\"b42252f\" data-element_type=\"widget\" data-e-type=\"widget\" data-widget_type=\"image.default\">\n\t\t\t\t<div class=\"elementor-widget-container\">\n\t\t\t\t\t\t\t\t\t\t\t\t\t\t\t<img decoding=\"async\" width=\"146\" height=\"106\" src=\"https:\/\/pitavit.com\/wp-content\/uploads\/2024\/10\/pitavit-ecuador.png\" class=\"attachment-large size-large wp-image-3572\" alt=\"\" \/>\t\t\t\t\t\t\t\t\t\t\t\t\t\t\t<\/div>\n\t\t\t\t<\/div>\n\t\t\t\t<div class=\"elementor-element elementor-element-2ff38d70 elementor-widget elementor-widget-frutinsectiontitle\" data-id=\"2ff38d70\" data-element_type=\"widget\" data-e-type=\"widget\" data-widget_type=\"frutinsectiontitle.default\">\n\t\t\t\t<div class=\"elementor-widget-container\">\n\t\t\t\t\t\t\t<div class=\"title-area-wrap\">\r\n\t\t\t<div class=\"title-area mb-32\">\r\n\t\t\t\t\t\t\t\t<span class=\"sub-title\">\r\n\t\t\t\t\t<img decoding=\"async\" src=\"https:\/\/pitavit.com\/wp-content\/plugins\/frutin-core\/assets\/img\/title_icon.svg\" alt=\"title_icon\"  \/>Sobre Nosotros\t\t\t\t<\/span>\r\n\t\t\t\t\t\t\t\t<h2 class=\"sec-title\">Somos una empresa orgullosamente <br>ecuatoriana<\/h2><p class=\"sec-text\">Dedicada a la producci\u00f3n, empaque y exportaci\u00f3n de ex\u00f3ticos del pa\u00eds.<\/p>\t\t\t<\/div>\r\n\t\t<\/div>\r\n\t\t\r\n\r\n\t\t\t\t\t<\/div>\n\t\t\t\t<\/div>\n\t\t\t\t<\/div>\n\t\t\t\t\t<\/div>\n\t\t\t\t<\/div>\n\t\t<div class=\"elementor-element elementor-element-ead907d elementor-hidden-desktop elementor-hidden-tablet e-flex e-con-boxed e-con e-parent\" data-id=\"ead907d\" data-element_type=\"container\" data-e-type=\"container\">\n\t\t\t\t\t<div class=\"e-con-inner\">\n\t\t<div class=\"elementor-element elementor-element-b4d92c1 e-con-full e-flex e-con e-child\" data-id=\"b4d92c1\" data-element_type=\"container\" data-e-type=\"container\">\n\t\t\t\t<div class=\"elementor-element elementor-element-3f99e0c elementor-widget elementor-widget-frutinimage\" data-id=\"3f99e0c\" data-element_type=\"widget\" data-e-type=\"widget\" data-widget_type=\"frutinimage.default\">\n\t\t\t\t<div class=\"elementor-widget-container\">\n\t\t\t\t\t<div class=\"img-box5\"><div class=\"shape1\"><img decoding=\"async\" src=\"https:\/\/themeholy.com\/wordpress\/frutin\/wp-content\/uploads\/2023\/10\/about_3_2.png\" alt=\"about_3_2\"  \/><\/div><div class=\"img1\"><img decoding=\"async\" src=\"https:\/\/pitavit.com\/wp-content\/uploads\/2024\/10\/frutas-pitavit14.png\" alt=\"frutas pitavit14\"  \/><\/div><\/div>\t\t\t\t<\/div>\n\t\t\t\t<\/div>\n\t\t\t\t<\/div>\n\t\t<div class=\"elementor-element elementor-element-5caa61a e-con-full text-center text-xl-start e-flex e-con e-child\" data-id=\"5caa61a\" data-element_type=\"container\" data-e-type=\"container\">\n\t\t\t\t<div class=\"elementor-element elementor-element-320088a elementor-widget elementor-widget-image\" data-id=\"320088a\" data-element_type=\"widget\" data-e-type=\"widget\" data-widget_type=\"image.default\">\n\t\t\t\t<div class=\"elementor-widget-container\">\n\t\t\t\t\t\t\t\t\t\t\t\t\t\t\t<img decoding=\"async\" width=\"146\" height=\"106\" src=\"https:\/\/pitavit.com\/wp-content\/uploads\/2024\/10\/pitavit-ecuador.png\" class=\"attachment-large size-large wp-image-3572\" alt=\"\" \/>\t\t\t\t\t\t\t\t\t\t\t\t\t\t\t<\/div>\n\t\t\t\t<\/div>\n\t\t\t\t<div class=\"elementor-element elementor-element-0ce00ac elementor-widget elementor-widget-frutinsectiontitle\" data-id=\"0ce00ac\" data-element_type=\"widget\" data-e-type=\"widget\" data-widget_type=\"frutinsectiontitle.default\">\n\t\t\t\t<div class=\"elementor-widget-container\">\n\t\t\t\t\t\t\t<div class=\"title-area-wrap\">\r\n\t\t\t<div class=\"title-area mb-32\">\r\n\t\t\t\t\t\t\t\t<span class=\"sub-title\">\r\n\t\t\t\t\t<img decoding=\"async\" src=\"https:\/\/pitavit.com\/wp-content\/plugins\/frutin-core\/assets\/img\/title_icon.svg\" alt=\"title_icon\"  \/>Sobre Nosotros\t\t\t\t<\/span>\r\n\t\t\t\t\t\t\t\t<h2 class=\"sec-title\">Somos una empresa orgullosamente <br>ecuatoriana<\/h2><p class=\"sec-text\">Dedicada a la producci\u00f3n, empaque y exportaci\u00f3n de ex\u00f3ticos del pa\u00eds.<\/p>\t\t\t<\/div>\r\n\t\t<\/div>\r\n\t\t\r\n\r\n\t\t\t\t\t<\/div>\n\t\t\t\t<\/div>\n\t\t\t\t<\/div>\n\t\t\t\t\t<\/div>\n\t\t\t\t<\/div>\n\t\t<div class=\"elementor-element elementor-element-3983aff elementor-hidden-mobile e-flex e-con-boxed e-con e-parent\" data-id=\"3983aff\" data-element_type=\"container\" data-e-type=\"container\">\n\t\t\t\t\t<div class=\"e-con-inner\">\n\t\t\t\t<div class=\"elementor-element elementor-element-30e97da elementor-widget__width-initial elementor-widget elementor-widget-frutinsectiontitle\" data-id=\"30e97da\" data-element_type=\"widget\" data-e-type=\"widget\" data-widget_type=\"frutinsectiontitle.default\">\n\t\t\t\t<div class=\"elementor-widget-container\">\n\t\t\t\t\t\t\t<div class=\"title-area-wrap\">\r\n\t\t\t<div class=\"title-area mb-32\">\r\n\t\t\t\t\t\t\t\t<span class=\"sub-title\">\r\n\t\t\t\t\t<img decoding=\"async\" src=\"https:\/\/pitavit.com\/wp-content\/plugins\/frutin-core\/assets\/img\/title_icon.svg\" alt=\"title_icon\"  \/>\u00bfPor qu\u00e9 Pitavit?\t\t\t\t<\/span>\r\n\t\t\t\t\t\t\t\t<h2 class=\"sec-title\">Nuestros fundadores <br>comparten con el mundo la riqueza <br>and diversity of our fruit<\/h2><p class=\"sec-text\">Ofreciendo productos de la m\u00e1s alta calidad, cultivados y seleccionados con cuidado y dedicaci\u00f3n. <br>Nuestro compromiso es proporcionar a nuestros clientes frutas frescas que reflejen la esencia ecuatoriana.<\/p>\t\t\t<\/div>\r\n\t\t<\/div>\r\n\t\t\r\n\r\n\t\t\t\t\t<\/div>\n\t\t\t\t<\/div>\n\t\t\t\t<div class=\"elementor-element elementor-element-38bd393 elementor-widget elementor-widget-spacer\" data-id=\"38bd393\" data-element_type=\"widget\" data-e-type=\"widget\" data-widget_type=\"spacer.default\">\n\t\t\t\t<div class=\"elementor-widget-container\">\n\t\t\t\t\t\t\t<div class=\"elementor-spacer\">\n\t\t\t<div class=\"elementor-spacer-inner\"><\/div>\n\t\t<\/div>\n\t\t\t\t\t\t<\/div>\n\t\t\t\t<\/div>\n\t\t\t\t\t<\/div>\n\t\t\t\t<\/div>\n\t\t<div class=\"elementor-element elementor-element-9da9c04 elementor-hidden-desktop elementor-hidden-tablet e-flex e-con-boxed e-con e-parent\" data-id=\"9da9c04\" data-element_type=\"container\" data-e-type=\"container\">\n\t\t\t\t\t<div class=\"e-con-inner\">\n\t\t\t\t<div class=\"elementor-element elementor-element-20aa77f elementor-widget__width-initial elementor-widget elementor-widget-frutinsectiontitle\" data-id=\"20aa77f\" data-element_type=\"widget\" data-e-type=\"widget\" data-widget_type=\"frutinsectiontitle.default\">\n\t\t\t\t<div class=\"elementor-widget-container\">\n\t\t\t\t\t\t\t<div class=\"title-area-wrap\">\r\n\t\t\t<div class=\"title-area mb-32\">\r\n\t\t\t\t\t\t\t\t<span class=\"sub-title\">\r\n\t\t\t\t\t<img decoding=\"async\" src=\"https:\/\/pitavit.com\/wp-content\/plugins\/frutin-core\/assets\/img\/title_icon.svg\" alt=\"title_icon\"  \/>\u00bfPor qu\u00e9 Pitavit?\t\t\t\t<\/span>\r\n\t\t\t\t\t\t\t\t<h2 class=\"sec-title\">Nuestros fundadores comparten con el mundo la riqueza y diversidad de nuestra fruta.<\/h2><p class=\"sec-text\">Ofreciendo productos de la m\u00e1s alta calidad, cultivados y seleccionados con cuidado y dedicaci\u00f3n. <br>Nuestro compromiso es proporcionar a nuestros clientes frutas frescas que reflejen la esencia ecuatoriana.<\/p>\t\t\t<\/div>\r\n\t\t<\/div>\r\n\t\t\r\n\r\n\t\t\t\t\t<\/div>\n\t\t\t\t<\/div>\n\t\t\t\t<div class=\"elementor-element elementor-element-96a8065 elementor-widget elementor-widget-spacer\" data-id=\"96a8065\" data-element_type=\"widget\" data-e-type=\"widget\" data-widget_type=\"spacer.default\">\n\t\t\t\t<div class=\"elementor-widget-container\">\n\t\t\t\t\t\t\t<div class=\"elementor-spacer\">\n\t\t\t<div class=\"elementor-spacer-inner\"><\/div>\n\t\t<\/div>\n\t\t\t\t\t\t<\/div>\n\t\t\t\t<\/div>\n\t\t\t\t\t<\/div>\n\t\t\t\t<\/div>\n\t\t<div class=\"elementor-element elementor-element-2d3444a e-flex e-con-boxed e-con e-parent\" data-id=\"2d3444a\" data-element_type=\"container\" data-e-type=\"container\" data-settings=\"{&quot;background_background&quot;:&quot;classic&quot;}\">\n\t\t\t\t\t<div class=\"e-con-inner\">\n\t\t\t\t<div class=\"elementor-element elementor-element-fbad803 elementor-view-default elementor-position-block-start elementor-mobile-position-block-start elementor-widget elementor-widget-icon-box\" data-id=\"fbad803\" data-element_type=\"widget\" data-e-type=\"widget\" data-widget_type=\"icon-box.default\">\n\t\t\t\t<div class=\"elementor-widget-container\">\n\t\t\t\t\t\t\t<div class=\"elementor-icon-box-wrapper\">\n\n\t\t\t\t\t\t<div class=\"elementor-icon-box-icon\">\n\t\t\t\t<span  class=\"elementor-icon\">\n\t\t\t\t<svg xmlns=\"http:\/\/www.w3.org\/2000\/svg\" width=\"64\" height=\"64\" viewbox=\"0 0 64 64\" fill=\"none\"><g clip-path=\"url(#clip0_942_260)\"><path d=\"M43.6077 12.274C43.288 11.5878 42.2934 11.5583 41.9333 12.2236C41.9178 12.2522 40.3484 15.118 37.3068 17.7891C36.396 18.589 37.6334 19.9978 38.544 19.198C40.4038 17.5646 41.7483 15.8762 42.5785 14.6933C43.3134 16.611 44.4692 20.0467 45.0842 24.0455C45.6322 27.6085 45.6497 30.9152 45.1363 33.8737C44.5034 37.5212 43.0538 40.65 40.8279 43.1732C38.7103 45.5737 35.8045 47.125 32.6458 47.5415C29.4314 47.9656 26.1003 47.1832 23.2664 45.3392C22.5503 44.8732 21.907 44.3481 21.3409 43.7738C22.1188 42.7696 23.0249 41.8438 24.0469 40.9905C26.7552 38.7293 29.8818 37.0315 32.6774 34.8853C34.3725 33.584 35.9478 32.1482 37.2622 30.4563C37.575 30.0536 37.6475 29.5243 37.2622 29.1306C36.942 28.8033 36.2464 28.7313 35.9363 29.1306C31.6485 34.6502 24.5379 36.9633 20.1075 42.2646C19.2693 41.0107 18.7383 39.5998 18.558 38.0956C18.2038 35.138 19.2717 32.0922 21.4882 29.7392C23.745 27.3432 26.3172 26.1228 29.2954 24.7098C30.8788 23.9586 32.5159 23.1818 34.3328 22.1426C35.385 21.5407 34.4539 19.913 33.4019 20.515C31.6474 21.5185 30.0432 22.2796 28.4918 23.0157C25.3423 24.5101 22.6223 25.8005 20.1233 28.4535C17.5249 31.2121 16.2758 34.8077 16.6963 38.3185C16.9392 40.3462 17.7088 42.2268 18.9318 43.8505C17.8027 45.5921 17.0529 47.5601 16.6462 49.5935C16.4105 50.7718 18.2173 51.276 18.4542 50.092C18.8013 48.3567 19.4159 46.7811 20.2665 45.3491C20.8607 45.9171 21.5207 46.4403 22.2438 46.9108C24.9387 48.6645 27.9482 49.5185 30.9082 49.5183C35.1403 49.5183 39.2709 47.7723 42.2339 44.4137C44.6979 41.6206 46.2974 38.1735 46.988 34.1682C47.5339 31.0025 47.5143 27.4851 46.9299 23.7135C45.9415 17.3325 43.7025 12.4775 43.6077 12.274Z\" fill=\"white\"><\/path><path d=\"M54.6275 9.37226C48.5834 3.32838 40.5475 -0.000244141 32 -0.000244141C23.4525 -0.000244141 15.4166 3.32838 9.3725 9.37226C3.32863 15.4164 0 23.4523 0 31.9998C0 40.5473 3.32863 48.5831 9.3725 54.6273C15.4166 60.6711 23.4525 63.9998 32 63.9998C36.6851 63.9998 41.203 63.0079 45.428 61.0519C46.528 60.5426 45.7402 58.8411 44.6403 59.3504C40.664 61.1914 36.4111 62.1248 32 62.1248C23.9533 62.1248 16.3883 58.9913 10.6984 53.3014C5.0085 47.6115 1.875 40.0465 1.875 31.9998C1.875 23.953 5.0085 16.388 10.6984 10.6981C16.3883 5.00826 23.9533 1.87476 32 1.87476C40.0467 1.87476 47.6117 5.00826 53.3016 10.6981C58.9915 16.388 62.125 23.953 62.125 31.9998C62.125 42.049 57.1389 51.4011 48.7871 57.0169C47.7812 57.6933 48.8275 59.2493 49.8334 58.5728C58.704 52.6083 64 42.6743 64 31.9998C64 23.4523 60.6714 15.4164 54.6275 9.37226Z\" fill=\"white\"><\/path><\/g><defs><clippath id=\"clip0_942_260\"><rect width=\"64\" height=\"64\" fill=\"white\" transform=\"translate(0 -0.000244141)\"><\/rect><\/clippath><\/defs><\/svg>\t\t\t\t<\/span>\n\t\t\t<\/div>\n\t\t\t\n\t\t\t\t\t\t<div class=\"elementor-icon-box-content\">\n\n\t\t\t\t\t\t\t\t\t<h3 class=\"elementor-icon-box-title\">\n\t\t\t\t\t\t<span  >\n\t\t\t\t\t\t\tCreemos en la riqueza de nuestra tierra y en la capacidad de nuestros agricultores para producir frutas de alta calidad\t\t\t\t\t\t<\/span>\n\t\t\t\t\t<\/h3>\n\t\t\t\t\n\t\t\t\t\t\t\t\t\t<p class=\"elementor-icon-box-description\">\n\t\t\t\t\t\tPor eso, estamos encantados de ofrecer nuestros productos al resto del mundo.\n\t\t\t\t\t<\/p>\n\t\t\t\t\n\t\t\t<\/div>\n\t\t\t\n\t\t<\/div>\n\t\t\t\t\t\t<\/div>\n\t\t\t\t<\/div>\n\t\t\t\t\t<\/div>\n\t\t\t\t<\/div>\n\t\t<div class=\"elementor-element elementor-element-504e383 elementor-hidden-mobile e-flex e-con-boxed e-con e-parent\" data-id=\"504e383\" data-element_type=\"container\" data-e-type=\"container\" data-settings=\"{&quot;background_background&quot;:&quot;classic&quot;,&quot;shape_divider_bottom&quot;:&quot;curve&quot;}\">\n\t\t\t\t\t<div class=\"e-con-inner\">\n\t\t\t\t<div class=\"elementor-shape elementor-shape-bottom\" aria-hidden=\"true\" data-negative=\"false\">\n\t\t\t<svg xmlns=\"http:\/\/www.w3.org\/2000\/svg\" viewbox=\"0 0 1000 100\" preserveaspectratio=\"none\">\n    <path class=\"elementor-shape-fill\" d=\"M1000,4.3V0H0v4.3C0.9,23.1,126.7,99.2,500,100S1000,22.7,1000,4.3z\"\/>\n<\/svg>\t\t<\/div>\n\t\t\t\t<div class=\"elementor-element elementor-element-6414af2 elementor-widget elementor-widget-spacer\" data-id=\"6414af2\" data-element_type=\"widget\" data-e-type=\"widget\" data-widget_type=\"spacer.default\">\n\t\t\t\t<div class=\"elementor-widget-container\">\n\t\t\t\t\t\t\t<div class=\"elementor-spacer\">\n\t\t\t<div class=\"elementor-spacer-inner\"><\/div>\n\t\t<\/div>\n\t\t\t\t\t\t<\/div>\n\t\t\t\t<\/div>\n\t\t\t\t<div class=\"elementor-element elementor-element-5f4bc51 elementor-widget elementor-widget-heading\" data-id=\"5f4bc51\" data-element_type=\"widget\" data-e-type=\"widget\" data-widget_type=\"heading.default\">\n\t\t\t\t<div class=\"elementor-widget-container\">\n\t\t\t\t\t<h2 class=\"elementor-heading-title elementor-size-default\">Gracias por <font color=\"##2D7D13\">elegirnos!<\/font><\/h2>\t\t\t\t<\/div>\n\t\t\t\t<\/div>\n\t\t\t\t<div class=\"elementor-element elementor-element-9a6c84e elementor-widget elementor-widget-spacer\" data-id=\"9a6c84e\" data-element_type=\"widget\" data-e-type=\"widget\" data-widget_type=\"spacer.default\">\n\t\t\t\t<div class=\"elementor-widget-container\">\n\t\t\t\t\t\t\t<div class=\"elementor-spacer\">\n\t\t\t<div class=\"elementor-spacer-inner\"><\/div>\n\t\t<\/div>\n\t\t\t\t\t\t<\/div>\n\t\t\t\t<\/div>\n\t\t\t\t\t<\/div>\n\t\t\t\t<\/div>\n\t\t<div class=\"elementor-element elementor-element-40a23e3 elementor-hidden-desktop elementor-hidden-tablet e-flex e-con-boxed e-con e-parent\" data-id=\"40a23e3\" data-element_type=\"container\" data-e-type=\"container\" data-settings=\"{&quot;background_background&quot;:&quot;classic&quot;,&quot;shape_divider_bottom&quot;:&quot;curve&quot;}\">\n\t\t\t\t\t<div class=\"e-con-inner\">\n\t\t\t\t<div class=\"elementor-shape elementor-shape-bottom\" aria-hidden=\"true\" data-negative=\"false\">\n\t\t\t<svg xmlns=\"http:\/\/www.w3.org\/2000\/svg\" viewbox=\"0 0 1000 100\" preserveaspectratio=\"none\">\n    <path class=\"elementor-shape-fill\" d=\"M1000,4.3V0H0v4.3C0.9,23.1,126.7,99.2,500,100S1000,22.7,1000,4.3z\"\/>\n<\/svg>\t\t<\/div>\n\t\t\t\t<div class=\"elementor-element elementor-element-e2027a1 elementor-widget elementor-widget-spacer\" data-id=\"e2027a1\" data-element_type=\"widget\" data-e-type=\"widget\" data-widget_type=\"spacer.default\">\n\t\t\t\t<div class=\"elementor-widget-container\">\n\t\t\t\t\t\t\t<div class=\"elementor-spacer\">\n\t\t\t<div class=\"elementor-spacer-inner\"><\/div>\n\t\t<\/div>\n\t\t\t\t\t\t<\/div>\n\t\t\t\t<\/div>\n\t\t\t\t<div class=\"elementor-element elementor-element-1d01477 elementor-widget elementor-widget-heading\" data-id=\"1d01477\" data-element_type=\"widget\" data-e-type=\"widget\" data-widget_type=\"heading.default\">\n\t\t\t\t<div class=\"elementor-widget-container\">\n\t\t\t\t\t<h2 class=\"elementor-heading-title elementor-size-default\">Gracias por <br><font color=\"##2D7D13\">elegirnos!<\/font><\/h2>\t\t\t\t<\/div>\n\t\t\t\t<\/div>\n\t\t\t\t<div class=\"elementor-element elementor-element-6372353 elementor-widget elementor-widget-spacer\" data-id=\"6372353\" data-element_type=\"widget\" data-e-type=\"widget\" data-widget_type=\"spacer.default\">\n\t\t\t\t<div class=\"elementor-widget-container\">\n\t\t\t\t\t\t\t<div class=\"elementor-spacer\">\n\t\t\t<div class=\"elementor-spacer-inner\"><\/div>\n\t\t<\/div>\n\t\t\t\t\t\t<\/div>\n\t\t\t\t<\/div>\n\t\t\t\t\t<\/div>\n\t\t\t\t<\/div>\n\t\t\t\t<\/div>","protected":false},"excerpt":{"rendered":"<p>About Us We are a proudly Ecuadorian company Dedicated to the production, packing and exportation of exotic plants in the country. About Us We are a proudly Ecuadorian company Dedicated to the production, packing and exportation of exotic plants in the country. Why Pitavit? Our founders share with the world the richness and diversity of&#8230;<\/p>","protected":false},"author":1,"featured_media":0,"parent":0,"menu_order":0,"comment_status":"closed","ping_status":"closed","template":"template-builder.php","meta":{"_joinchat":[],"footnotes":""},"class_list":["post-63","page","type-page","status-publish","hentry"],"aioseo_notices":[],"_links":{"self":[{"href":"https:\/\/pitavit.com\/es\/wp-json\/wp\/v2\/pages\/63","targetHints":{"allow":["GET"]}}],"collection":[{"href":"https:\/\/pitavit.com\/es\/wp-json\/wp\/v2\/pages"}],"about":[{"href":"https:\/\/pitavit.com\/es\/wp-json\/wp\/v2\/types\/page"}],"author":[{"embeddable":true,"href":"https:\/\/pitavit.com\/es\/wp-json\/wp\/v2\/users\/1"}],"replies":[{"embeddable":true,"href":"https:\/\/pitavit.com\/es\/wp-json\/wp\/v2\/comments?post=63"}],"version-history":[{"count":0,"href":"https:\/\/pitavit.com\/es\/wp-json\/wp\/v2\/pages\/63\/revisions"}],"wp:attachment":[{"href":"https:\/\/pitavit.com\/es\/wp-json\/wp\/v2\/media?parent=63"}],"curies":[{"name":"wp","href":"https:\/\/api.w.org\/{rel}","templated":true}]}}