{"id":3051,"date":"2024-09-16T10:45:22","date_gmt":"2024-09-16T15:45:22","guid":{"rendered":"https:\/\/idronedji.com\/pitavit\/?post_type=product&#038;p=3051"},"modified":"2024-10-14T11:29:44","modified_gmt":"2024-10-14T16:29:44","slug":"dragon-fruit-orange-180g","status":"publish","type":"product","link":"https:\/\/pitavit.com\/es\/producto\/dragon-fruit-orange-180g\/","title":{"rendered":"PITAHAY\u00c1 CON NARANJA 180G"},"content":{"rendered":"<h3 style=\"text-align: center;\"><span style=\"color: #2d7d13;\"><strong>Exportaci\u00f3n<\/strong><\/span><\/h3>\n<table border=\"1px\">\n<tbody>\n<tr>\n<td>Calcio<\/td>\n<td>Digestivo<\/td>\n<\/tr>\n<tr>\n<td>Omega 3<\/td>\n<td>Previene enfermedades del coraz\u00f3n<\/td>\n<\/tr>\n<tr>\n<td>Multivitam\u00ednico<\/td>\n<td>Antienvejecimiento<\/td>\n<\/tr>\n<\/tbody>\n<\/table>","protected":false},"excerpt":{"rendered":"<p>100% natural y baja en az\u00facar. Es una mermelada deliciosa. La combinaci\u00f3n de fruta del drag\u00f3n y naranjas deja un sabor refrescante en el plato. Ideal para combinar con todas las comidas, especialmente pollo, postres y yogur.<\/p>","protected":false},"featured_media":3054,"comment_status":"closed","ping_status":"closed","template":"","meta":{"_joinchat":[]},"product_brand":[],"product_cat":[40],"product_tag":[],"class_list":{"0":"post-3051","1":"product","2":"type-product","3":"status-publish","4":"has-post-thumbnail","6":"product_cat-jams","8":"first","9":"instock","10":"shipping-taxable","11":"product-type-simple"},"aioseo_notices":[],"_links":{"self":[{"href":"https:\/\/pitavit.com\/es\/wp-json\/wp\/v2\/product\/3051","targetHints":{"allow":["GET"]}}],"collection":[{"href":"https:\/\/pitavit.com\/es\/wp-json\/wp\/v2\/product"}],"about":[{"href":"https:\/\/pitavit.com\/es\/wp-json\/wp\/v2\/types\/product"}],"replies":[{"embeddable":true,"href":"https:\/\/pitavit.com\/es\/wp-json\/wp\/v2\/comments?post=3051"}],"version-history":[{"count":0,"href":"https:\/\/pitavit.com\/es\/wp-json\/wp\/v2\/product\/3051\/revisions"}],"wp:featuredmedia":[{"embeddable":true,"href":"https:\/\/pitavit.com\/es\/wp-json\/wp\/v2\/media\/3054"}],"wp:attachment":[{"href":"https:\/\/pitavit.com\/es\/wp-json\/wp\/v2\/media?parent=3051"}],"wp:term":[{"taxonomy":"product_brand","embeddable":true,"href":"https:\/\/pitavit.com\/es\/wp-json\/wp\/v2\/product_brand?post=3051"},{"taxonomy":"product_cat","embeddable":true,"href":"https:\/\/pitavit.com\/es\/wp-json\/wp\/v2\/product_cat?post=3051"},{"taxonomy":"product_tag","embeddable":true,"href":"https:\/\/pitavit.com\/es\/wp-json\/wp\/v2\/product_tag?post=3051"}],"curies":[{"name":"wp","href":"https:\/\/api.w.org\/{rel}","templated":true}]}}