{"id":3117,"date":"2024-09-16T14:21:22","date_gmt":"2024-09-16T19:21:22","guid":{"rendered":"https:\/\/idronedji.com\/pitavit\/?post_type=product&#038;p=3117"},"modified":"2024-10-14T11:15:05","modified_gmt":"2024-10-14T16:15:05","slug":"hass-avocado","status":"publish","type":"product","link":"https:\/\/pitavit.com\/es\/producto\/hass-avocado\/","title":{"rendered":"AGUACATE HASS"},"content":{"rendered":"<h3 style=\"text-align: center;\"><span style=\"color: #2d7d13;\"><strong>Exportaci\u00f3n<\/strong><\/span><\/h3>\n<table border=\"1px\">\n<tbody>\n<tr>\n<td>Beneficioso para la salud intestinal<\/td>\n<td>Promueve un peso corporal saludable<\/td>\n<\/tr>\n<tr>\n<td>Reducir las enfermedades card\u00edacas<\/td>\n<td>Ingrediente vers\u00e1til y delicioso<\/td>\n<\/tr>\n<tr>\n<td>Excelente fuente de nutrientes<\/td>\n<td>Ideal para embarazo y lactancia<\/td>\n<\/tr>\n<\/tbody>\n<\/table>","protected":false},"excerpt":{"rendered":"<p>De color verde oscuro, piel rugosa. madura, la piel se vuelve de un negro viol\u00e1ceo oscuro y cede a la presi\u00f3n suave. Cuando est\u00e1 lista para servir, se vuelve de color blanco verdoso en la parte central del interior de la fruta.<\/p>","protected":false},"featured_media":3118,"comment_status":"closed","ping_status":"closed","template":"","meta":{"_joinchat":[]},"product_brand":[],"product_cat":[41],"product_tag":[],"class_list":{"0":"post-3117","1":"product","2":"type-product","3":"status-publish","4":"has-post-thumbnail","6":"product_cat-fruit","8":"first","9":"instock","10":"shipping-taxable","11":"product-type-simple"},"aioseo_notices":[],"_links":{"self":[{"href":"https:\/\/pitavit.com\/es\/wp-json\/wp\/v2\/product\/3117","targetHints":{"allow":["GET"]}}],"collection":[{"href":"https:\/\/pitavit.com\/es\/wp-json\/wp\/v2\/product"}],"about":[{"href":"https:\/\/pitavit.com\/es\/wp-json\/wp\/v2\/types\/product"}],"replies":[{"embeddable":true,"href":"https:\/\/pitavit.com\/es\/wp-json\/wp\/v2\/comments?post=3117"}],"version-history":[{"count":0,"href":"https:\/\/pitavit.com\/es\/wp-json\/wp\/v2\/product\/3117\/revisions"}],"wp:featuredmedia":[{"embeddable":true,"href":"https:\/\/pitavit.com\/es\/wp-json\/wp\/v2\/media\/3118"}],"wp:attachment":[{"href":"https:\/\/pitavit.com\/es\/wp-json\/wp\/v2\/media?parent=3117"}],"wp:term":[{"taxonomy":"product_brand","embeddable":true,"href":"https:\/\/pitavit.com\/es\/wp-json\/wp\/v2\/product_brand?post=3117"},{"taxonomy":"product_cat","embeddable":true,"href":"https:\/\/pitavit.com\/es\/wp-json\/wp\/v2\/product_cat?post=3117"},{"taxonomy":"product_tag","embeddable":true,"href":"https:\/\/pitavit.com\/es\/wp-json\/wp\/v2\/product_tag?post=3117"}],"curies":[{"name":"wp","href":"https:\/\/api.w.org\/{rel}","templated":true}]}}